{"id":2668,"date":"2021-11-19T20:23:04","date_gmt":"2021-11-19T18:23:04","guid":{"rendered":"https:\/\/eky-ry.fi\/?page_id=2668"},"modified":"2025-02-20T17:57:03","modified_gmt":"2025-02-20T15:57:03","slug":"help","status":"publish","type":"page","link":"https:\/\/eky-ry.dyndns.org\/index.php\/help","title":{"rendered":"HELP"},"content":{"rendered":"<div data-colibri-id=\"2668-c1\" class=\"style-1569 style-local-2668-c1 position-relative\">\n  <!---->\n  <div data-colibri-component=\"section\" data-colibri-id=\"2668-c2\" id=\"content\" class=\"h-section h-section-global-spacing d-flex align-items-lg-center align-items-md-center align-items-center style-1578 style-local-2668-c2 position-relative\">\n    <!---->\n    <!---->\n    <div class=\"h-section-grid-container h-section-fluid-container\">\n      <!---->\n      <div data-colibri-id=\"2668-c3\" class=\"h-row-container gutters-row-lg-0 gutters-row-md-0 gutters-row-2 gutters-row-v-lg-0 gutters-row-v-md-0 gutters-row-v-2 style-1579 style-local-2668-c3 position-relative\">\n        <!---->\n        <div class=\"h-row justify-content-lg-center justify-content-md-center justify-content-center align-items-lg-stretch align-items-md-stretch align-items-stretch gutters-col-lg-0 gutters-col-md-0 gutters-col-2 gutters-col-v-lg-0 gutters-col-v-md-0 gutters-col-v-2\">\n          <!---->\n          <div class=\"h-column h-column-container d-flex h-col-lg-auto h-col-md-auto h-col-auto style-1580-outer style-local-2668-c4-outer\">\n            <div data-colibri-id=\"2668-c4\" class=\"d-flex h-flex-basis h-column__inner h-px-lg-0 h-px-md-0 h-px-0 v-inner-lg-0 v-inner-md-0 v-inner-0 style-1580 style-local-2668-c4 position-relative\">\n              <!---->\n              <!---->\n              <div class=\"w-100 h-y-container h-column__content h-column__v-align flex-basis-100 align-self-lg-start align-self-md-start align-self-start\">\n                <!---->\n                <div data-colibri-id=\"2668-c5\" class=\"h-global-transition-all h-heading style-1582 style-local-2668-c5 position-relative h-element\">\n                  <!---->\n                  <div class=\"h-heading__outer style-1582 style-local-2668-c5\">\n                    <!---->\n                    <!---->\n                    <h2 class=\"\">HELP<\/h2>\n                  <\/div>\n                <\/div>\n                <div data-colibri-id=\"2668-c6\" class=\"h-text h-text-component style-1583 style-local-2668-c6 position-relative h-element\">\n                  <!---->\n                  <!---->\n                  <div class=\"\">\n                    <p> <\/p>\n                  <\/div>\n                <\/div>\n                <div data-colibri-id=\"2668-c7\" class=\"h-row-container gutters-row-lg-2 gutters-row-md-2 gutters-row-0 gutters-row-v-lg-2 gutters-row-v-md-2 gutters-row-v-2 style-1589 style-local-2668-c7 position-relative\">\n                  <!---->\n                  <div class=\"h-row justify-content-lg-center justify-content-md-center justify-content-center align-items-lg-stretch align-items-md-stretch align-items-stretch gutters-col-lg-2 gutters-col-md-2 gutters-col-0 gutters-col-v-lg-2 gutters-col-v-md-2 gutters-col-v-2\">\n                    <!---->\n                    <div class=\"h-column h-column-container d-flex h-col-lg-auto h-col-md-auto h-col-auto style-1590-outer style-local-2668-c8-outer\">\n                      <div data-colibri-id=\"2668-c8\" class=\"d-flex h-flex-basis h-column__inner h-px-lg-2 h-px-md-2 h-px-2 v-inner-lg-2 v-inner-md-2 v-inner-2 style-1590 style-local-2668-c8 position-relative\">\n                        <!---->\n                        <!---->\n                        <div class=\"w-100 h-y-container h-column__content h-column__v-align flex-basis-100 align-self-lg-start align-self-md-start align-self-start\">\n                          <!---->\n                          <div data-colibri-id=\"2668-c9\" class=\"h-text h-text-component style-1592 style-local-2668-c9 position-relative h-element\">\n                            <!---->\n                            <!---->\n                            <div class=\"\">\n                              <p>Edustajistoryhm\u00e4 HELP on puoluepoliittisesti sitoutumaton ainej\u00e4rjest\u00f6taustainen ryhm\u00e4 HYYn eli Helsingin yliopiston ylioppilaskunnan edustajistossa. Ylioppilaskunta saattaa tuntua melko kaukaiselta organisaatiolta el\u00e4inl\u00e4\u00e4ketieteen\n                                opiskelijoille, mutta HELP pyrkii tuomaan sit\u00e4 helpommin l\u00e4hestytt\u00e4v\u00e4ksi.<\/p>\n                              <p>HELPin taustalla vaikuttavat EKYn lis\u00e4ksi L\u00e4\u00e4ketieteen kandiseura LKS, Hammasl\u00e4\u00e4ketieteen kandiseura HLKS, Yliopiston farmasiakunta YFK (farmaseutti- ja proviisoriopiskelijat) sek\u00e4 Pyk\u00e4l\u00e4, Codex ja Justus (suomen- ja ruotsinkieliset\n                                oikeustieteen opiskelijat), jotka kaikki ovat professioalojen ainej\u00e4rjest\u00f6j\u00e4. Eli sin\u00e4kin olet nyt my\u00f6s helppil\u00e4inen!<\/p>\n                              <p>HELP pyrkii tuomaan professioalojen opiskelijoiden \u00e4\u00e4nen kuuluviin koulutus- ja sosiaalipoliittisissa asioissa sek\u00e4 j\u00e4rjest\u00f6asioissa HYYn edustajistossa sek\u00e4 tietenkin my\u00f6s muualla ylioppilaskunnassa tekem\u00e4ll\u00e4 edunvalvontaty\u00f6t\u00e4\n                                kaikkien hyv\u00e4ksi. Edustajistoryhm\u00e4 HELPin ajamat teemat: <\/p>\n                              <p>1. Opiskelijakeskeisyytt\u00e4 HYYn edunvalvonnassa yleispoliittisuuden sijaan <\/p>\n                              <p>2. HYYn rahoja tulisi k\u00e4ytt\u00e4\u00e4 niin, ett\u00e4 mahdollisimman moni opiskelija hy\u00f6tyisi j\u00e4senpalveluista, sill\u00e4 kaikki opiskelijat kuitenkin maksavat j\u00e4senmaksun <\/p>\n                              <p>3. Kaikkien kampusten monipuolinen huomioiminen HYYn toiminnassa<\/p>\n                              <p>4. Kielellinen tasa-arvo (suomi-ruotsi-englanti) HYYn sek\u00e4 yliopiston toiminnassa<\/p>\n                              <p>Edunvalvonnan ja vaikuttamisen lis\u00e4ksi HELP j\u00e4rjest\u00e4\u00e4 monenlaisia tapahtumia, kuten poikkitieteellisi\u00e4 bileit\u00e4 ja aloihimme liittyvi\u00e4 seminaareja asiantuntijapuhujineen. HELPin toimintaan kannattaa siis l\u00e4hte\u00e4 mukaan juuri\n                                sen takia, ett\u00e4 silloin tutustut opiskelijoihin my\u00f6s muilta tieteenaloilta! Sen lis\u00e4ksi p\u00e4\u00e4set oppimaan paljon vaikuttamisesta ja poliittisesta p\u00e4\u00e4t\u00f6ksenteosta. P\u00e4\u00e4set my\u00f6s vaikuttamaan siihen, millainen meid\u00e4n kaikkien\n                                yhteinen ylioppilaskuntamme on ja mihin sinun j\u00e4senmaksusi k\u00e4ytet\u00e4\u00e4n. HELPin toimintaan pystyy l\u00e4htem\u00e4\u00e4n mukaan milloin vain, kuka vain! Jos kiinnostuit, ota rohkeasti yhteytt\u00e4 HELPin puheenjohtajaan, tai kehen tahansa\n                                EKYn helppil\u00e4iseen. <\/p>\n                              <p>Lis\u00e4ksi pari sanaa edustajistosta: HYYn edustajisto on 60-henkinen elin, joka k\u00e4ytt\u00e4\u00e4 ylint\u00e4 p\u00e4\u00e4t\u00f6svaltaa HYYss\u00e4. Sen edaattorit eli opiskelijaedustajat valitaan kahden vuoden v\u00e4lein vaaleilla, HELP toimii professioalojen\n                                vaalirenkaana my\u00f6s el\u00e4inl\u00e4\u00e4kisl\u00e4isille. Edustajisto p\u00e4\u00e4tt\u00e4\u00e4 esimerkiksi HYYn poliittisista linjoista sek\u00e4 HYYn budjetista. My\u00f6s HYYn edustajistosta saatava kokemus on my\u00f6s eritt\u00e4in hy\u00f6dyllist\u00e4 professioalojen opiskelijoille,\n                                sill\u00e4 meid\u00e4n ty\u00f6h\u00f6mme kuuluu my\u00f6s paljon hallinnollista puolta. Edustajistossa toimiessa oppii my\u00f6s esiintymistaitoja ja perustelemaan kantansa sek\u00e4 tietenkin my\u00f6s vakuuttamaan muut omalle puolelleen. Sen lis\u00e4ksi se tarjoaa\n                                my\u00f6s aivan erilaisen kokemuksen yliopistosta, kun tutustuu opiskelijoihin laajasti monilta eri oppialoilta.<\/p>\n                              <p>IG: @edustajistoryhmahelp \ufe33 FB: www.facebook.com\/helphyy \ufe33 nettisivut: helphyy.fi<\/p>\n                              <p>\n                                <br>\n                              <\/p>\n                            <\/div>\n                          <\/div>\n                        <\/div>\n                      <\/div>\n                    <\/div>\n                  <\/div>\n                <\/div>\n              <\/div>\n            <\/div>\n          <\/div>\n          <div class=\"h-column h-column-container d-flex h-col-lg-auto h-col-md-auto h-col-auto style-1598-outer style-local-2668-c10-outer\">\n            <div data-colibri-id=\"2668-c10\" class=\"d-flex h-flex-basis h-column__inner h-px-lg-2 h-px-md-2 h-px-2 v-inner-lg-2 v-inner-md-2 v-inner-2 style-1598 style-local-2668-c10 position-relative\">\n              <!---->\n              <!---->\n              <div class=\"w-100 h-y-container h-column__content h-column__v-align flex-basis-100 align-self-lg-start align-self-md-start align-self-start\">\n                <!---->\n                <div data-colibri-id=\"2668-c11\" class=\"d-block style-1599 style-local-2668-c11 position-relative h-element\">\n                  <!---->\n                  <div class=\"h-image__frame-container-outer\">\n                    <div class=\"h-image__frame-container\">\n                      <!---->\n                      <!---->\n                      <img loading=\"lazy\" decoding=\"async\" width=\"300\" height=\"300\" src=\"https:\/\/eky-ry.fi\/wp-content\/uploads\/2021\/11\/helpkaarmepng-e1610652559235-300x300-1.png\" class=\"wp-image-2672 style-1599-image style-local-2668-c11-image\" alt=\"\" srcset=\"https:\/\/eky-ry.dyndns.org\/wp-content\/uploads\/2021\/11\/helpkaarmepng-e1610652559235-300x300-1.png 300w, https:\/\/eky-ry.dyndns.org\/wp-content\/uploads\/2021\/11\/helpkaarmepng-e1610652559235-300x300-1-150x150.png 150w\" sizes=\"auto, (max-width: 300px) 100vw, 300px\" \/>\n                      <div class=\"h-image__frame h-hide-lg h-hide-md h-hide-sm style-1599-frameImage style-local-2668-c11-frameImage\"><\/div>\n                    <\/div>\n                  <\/div>\n                <\/div>\n                <div data-colibri-id=\"2668-c12\" class=\"h-x-container style-1605 style-local-2668-c12 position-relative h-element\">\n                  <!---->\n                  <div class=\"h-x-container-inner style-dynamic-2668-c12-group style-1605-spacing style-local-2668-c12-spacing\"><span class=\"h-button__outer style-1606-outer style-local-2668-c13-outer d-inline-flex h-element\"><a h-use-smooth-scroll=\"true\" href=\"https:\/\/www.facebook.com\/helphyy\"  data-colibri-id=\"2668-c13\" class=\"d-flex w-100 align-items-center h-button justify-content-lg-center justify-content-md-center justify-content-center style-1606 style-local-2668-c13 position-relative\"><!----><!----> <span>HELPIn facebook<\/span><\/a>\n                    <\/span>\n                  <\/div>\n                <\/div>\n                <div data-colibri-id=\"2668-c14\" class=\"h-x-container style-1593 style-local-2668-c14 position-relative h-element\">\n                  <!---->\n                  <div class=\"h-x-container-inner style-dynamic-2668-c14-group style-1593-spacing style-local-2668-c14-spacing\"><span class=\"h-button__outer style-1594-outer style-local-2668-c15-outer d-inline-flex h-element\"><a h-use-smooth-scroll=\"true\" href=\"http:\/\/helphyy.fi\/\"  data-colibri-id=\"2668-c15\" class=\"d-flex w-100 align-items-center h-button justify-content-lg-center justify-content-md-center justify-content-center style-1594 style-local-2668-c15 position-relative\"><!----><!----> <span>Helpin nettisivut<\/span><\/a>\n                    <\/span>\n                  <\/div>\n                <\/div>\n                <div data-colibri-id=\"2668-c16\" class=\"h-x-container style-1707 style-local-2668-c16 position-relative h-element\">\n                  <!---->\n                  <div class=\"h-x-container-inner style-dynamic-2668-c16-group style-1707-spacing style-local-2668-c16-spacing\"><span class=\"h-button__outer style-1708-outer style-local-2668-c17-outer d-inline-flex h-element\"><a h-use-smooth-scroll=\"true\" href=\"https:\/\/www.instagram.com\/edustajistoryhmahelp\/?hl=fi\"  data-colibri-id=\"2668-c17\" class=\"d-flex w-100 align-items-center h-button justify-content-lg-center justify-content-md-center justify-content-center style-1708 style-local-2668-c17 position-relative\"><!----><!----> <span>Instagram<\/span><\/a>\n                    <\/span>\n                  <\/div>\n                <\/div>\n                <div data-colibri-id=\"2668-c18\" class=\"h-row-container gutters-row-lg-2 gutters-row-md-2 gutters-row-0 gutters-row-v-lg-2 gutters-row-v-md-2 gutters-row-v-0 style-1584 style-local-2668-c18 position-relative\">\n                  <!---->\n                  <div class=\"h-row justify-content-lg-center justify-content-md-center justify-content-center align-items-lg-stretch align-items-md-stretch align-items-stretch gutters-col-lg-2 gutters-col-md-2 gutters-col-0 gutters-col-v-lg-2 gutters-col-v-md-2 gutters-col-v-0\">\n                    <!---->\n                    <div class=\"h-column h-column-container d-flex h-col-lg-12 h-col-md-12 h-col-6 style-1585-outer style-local-2668-c19-outer\">\n                      <div data-colibri-id=\"2668-c19\" class=\"d-flex h-flex-basis h-column__inner h-px-lg-0 h-px-md-0 h-px-0 v-inner-lg-0 v-inner-md-0 v-inner-0 style-1585 style-local-2668-c19 position-relative\">\n                        <!---->\n                        <!---->\n                        <div class=\"w-100 h-y-container h-column__content h-column__v-align flex-basis-100 align-self-lg-start align-self-md-start align-self-start\">\n                          <!---->\n                          <div data-colibri-id=\"2668-c20\" class=\"h-global-transition-all h-heading style-1586 style-local-2668-c20 position-relative h-element\">\n                            <!---->\n                            <div class=\"h-heading__outer style-1586 style-local-2668-c20\">\n                              <!---->\n                              <!---->\n                              <h5 class=\"\">ekYL\u00c4ISET HELPISS\u00c4 2025<\/h5>\n                            <\/div>\n                          <\/div>\n                          <div data-colibri-id=\"2668-c21\" class=\"h-text h-text-component style-1587 style-local-2668-c21 position-relative h-element\">\n                            <!---->\n                            <!---->\n                            <div class=\"\">\n                              <p><strong>Varsinaiset j\u00e4senet:<\/strong>\n                                <br>Venla H\u00e4m\u00e4l\u00e4inen\n                                <br>\n                                <br><strong>Varaj\u00e4senet:&nbsp;<\/strong>\n                                <br>Anni Hemming\n                                <br>\n                              <\/p>\n                            <\/div>\n                          <\/div>\n                        <\/div>\n                      <\/div>\n                    <\/div>\n                  <\/div>\n                <\/div>\n              <\/div>\n            <\/div>\n          <\/div>\n        <\/div>\n      <\/div>\n    <\/div>\n  <\/div>\n<\/div>","protected":false},"excerpt":{"rendered":"<p>HELP Edustajistoryhm\u00e4 HELP on puoluepoliittisesti sitoutumaton ainej\u00e4rjest\u00f6taustainen ryhm\u00e4 HYYn eli Helsingin yliopiston ylioppilaskunnan edustajistossa. Ylioppilaskunta saattaa tuntua melko kaukaiselta organisaatiolta el\u00e4inl\u00e4\u00e4ketieteen opiskelijoille, mutta HELP pyrkii tuomaan sit\u00e4 helpommin l\u00e4hestytt\u00e4v\u00e4ksi. HELPin taustalla vaikuttavat EKYn lis\u00e4ksi L\u00e4\u00e4ketieteen kandiseura LKS, Hammasl\u00e4\u00e4ketieteen kandiseura HLKS, Yliopiston farmasiakunta YFK (farmaseutti- ja proviisoriopiskelijat) sek\u00e4 Pyk\u00e4l\u00e4, Codex ja Justus (suomen- ja ruotsinkieliset oikeustieteen [&hellip;]<\/p>\n","protected":false},"author":1,"featured_media":0,"parent":0,"menu_order":0,"comment_status":"closed","ping_status":"closed","template":"page-templates\/full-width-page.php","meta":{"footnotes":""},"class_list":["post-2668","page","type-page","status-publish","hentry"],"_links":{"self":[{"href":"https:\/\/eky-ry.dyndns.org\/index.php\/wp-json\/wp\/v2\/pages\/2668","targetHints":{"allow":["GET"]}}],"collection":[{"href":"https:\/\/eky-ry.dyndns.org\/index.php\/wp-json\/wp\/v2\/pages"}],"about":[{"href":"https:\/\/eky-ry.dyndns.org\/index.php\/wp-json\/wp\/v2\/types\/page"}],"author":[{"embeddable":true,"href":"https:\/\/eky-ry.dyndns.org\/index.php\/wp-json\/wp\/v2\/users\/1"}],"replies":[{"embeddable":true,"href":"https:\/\/eky-ry.dyndns.org\/index.php\/wp-json\/wp\/v2\/comments?post=2668"}],"version-history":[{"count":20,"href":"https:\/\/eky-ry.dyndns.org\/index.php\/wp-json\/wp\/v2\/pages\/2668\/revisions"}],"predecessor-version":[{"id":5121,"href":"https:\/\/eky-ry.dyndns.org\/index.php\/wp-json\/wp\/v2\/pages\/2668\/revisions\/5121"}],"wp:attachment":[{"href":"https:\/\/eky-ry.dyndns.org\/index.php\/wp-json\/wp\/v2\/media?parent=2668"}],"curies":[{"name":"wp","href":"https:\/\/api.w.org\/{rel}","templated":true}]}}